{"id":5,"date":"2023-04-13T17:02:32","date_gmt":"2023-04-13T20:02:32","guid":{"rendered":"https:\/\/imperiums.tech\/?page_id=5"},"modified":"2025-11-03T04:09:39","modified_gmt":"2025-11-03T07:09:39","slug":"imperium","status":"publish","type":"page","link":"https:\/\/imperiums.tech\/index.php\/imperium\/","title":{"rendered":"IMPERIUM &#8211; Spanish"},"content":{"rendered":"\n<header class=\"wp-block-cover alignfull is-light\" style=\"min-height:684px;aspect-ratio:unset;\"><span aria-hidden=\"true\" class=\"wp-block-cover__background has-background-dim-10 has-background-dim\"><\/span><video class=\"wp-block-cover__video-background intrinsic-ignore\" autoplay muted loop playsinline src=\"http:\/\/imperiums.tech\/wp-content\/uploads\/2023\/04\/Imperium4.mp4\" data-object-fit=\"cover\"><\/video><div class=\"wp-block-cover__inner-container is-layout-flow wp-block-cover-is-layout-flow\">\n<p class=\"has-text-align-center has-background has-medium-font-size\" style=\"background:linear-gradient(180deg,rgb(2,3,129) 0%,rgb(40,116,252) 100%)\">GESTI\u00d3N DE ACTIVOS<\/p>\n<\/div><\/header>\n\n\n\n<h2 class=\"wp-block-heading has-ast-global-color-5-color has-black-background-color has-text-color has-background\"><\/h2>\n\n\n\n<h2 class=\"wp-block-heading has-text-align-center has-ast-global-color-5-color has-midnight-gradient-background has-text-color has-background\">SELECCI\u00d3N Y GESTI\u00d3N DE ACTIVOS<\/h2>\n\n\n\n<h4 class=\"wp-block-heading has-text-align-center has-white-color has-luminous-vivid-amber-to-luminous-vivid-orange-gradient-background has-text-color has-background\">Nuestros servicios<\/h4>\n\n\n\n<div class=\"wp-block-columns is-layout-flex wp-container-core-columns-is-layout-1 wp-block-columns-is-layout-flex\">\n<div class=\"wp-block-column has-ast-global-color-7-color has-text-color is-layout-flow wp-block-column-is-layout-flow\">\n<div class=\"inherit-container-width wp-block-group has-white-color has-text-color is-layout-constrained wp-block-group-is-layout-constrained\">\n<p class=\"has-text-align-center has-ast-global-color-5-color has-text-color has-medium-font-size\">\u00bfQu\u00e9 es y c\u00f3mo funciona Imperium Tech?<br>Somos una consultora internacional, proveemos y administramos activos financieros, dise\u00f1amos nuestro propio \u00edndice de inversiones, basado en activos minusiosamente seleccionados.<\/p>\n\n\n\n<p class=\"has-text-align-center has-ast-global-color-5-color has-text-color has-medium-font-size\">Nuestro equipo de profesionales, esta compuesto por especialistas en calificaci\u00f3n de activos, selecci\u00f3n, evaluaci\u00f3n y creaci\u00f3n de portafolios, nuestra prioridad es minimizar los riesgos y aprovechar la evoluci\u00f3n de los mercados para tomar la mejor rentabilidad.<\/p>\n<\/div>\n<\/div>\n\n\n\n<div class=\"wp-block-column is-layout-flow wp-block-column-is-layout-flow\">\n<figure class=\"wp-block-image aligncenter size-full\"><img loading=\"lazy\" decoding=\"async\" width=\"500\" height=\"500\" src=\"http:\/\/imperiums.tech\/wp-content\/uploads\/2023\/05\/4.png\" alt=\"\" class=\"wp-image-314\" srcset=\"https:\/\/imperiums.tech\/wp-content\/uploads\/2023\/05\/4.png 500w, https:\/\/imperiums.tech\/wp-content\/uploads\/2023\/05\/4-300x300.png 300w, https:\/\/imperiums.tech\/wp-content\/uploads\/2023\/05\/4-150x150.png 150w\" sizes=\"(max-width: 500px) 100vw, 500px\" \/><\/figure>\n<\/div>\n<\/div>\n\n\n\n<h4 class=\"wp-block-heading has-text-align-center has-ast-global-color-5-color has-midnight-gradient-background has-text-color has-background\">Fondo de cobertura<\/h4>\n\n\n\n<div class=\"wp-block-columns is-layout-flex wp-container-core-columns-is-layout-2 wp-block-columns-is-layout-flex\">\n<div class=\"wp-block-column is-layout-flow wp-block-column-is-layout-flow\">\n<figure class=\"wp-block-image aligncenter size-full\"><img loading=\"lazy\" decoding=\"async\" width=\"500\" height=\"500\" src=\"https:\/\/imperiums.tech\/wp-content\/uploads\/2023\/05\/5-1.png\" alt=\"\" class=\"wp-image-326\" srcset=\"https:\/\/imperiums.tech\/wp-content\/uploads\/2023\/05\/5-1.png 500w, https:\/\/imperiums.tech\/wp-content\/uploads\/2023\/05\/5-1-300x300.png 300w, https:\/\/imperiums.tech\/wp-content\/uploads\/2023\/05\/5-1-150x150.png 150w\" sizes=\"(max-width: 500px) 100vw, 500px\" \/><\/figure>\n<\/div>\n\n\n\n<div class=\"wp-block-column is-layout-flow wp-block-column-is-layout-flow\">\n<p class=\"has-text-align-left has-ast-global-color-5-color has-text-color has-medium-font-size\">Un fondo de cobertura (tambi\u00e9n llamado <em>hedge fund<\/em> en ingl\u00e9s) es un tipo de fondo de inversi\u00f3n alternativo que busca generar rendimientos positivos independientemente de si los mercados financieros suben o bajan.<br><br>A diferencia de los fondos de inversi\u00f3n tradicionales, que suelen buscar superar un \u00edndice de referencia (como el S&amp;P 500), los fondos de cobertura utilizan estrategias m\u00e1s complejas y flexibles para intentar protegerse o &#8220;cobertarse&#8221; contra las ca\u00eddas del mercado y aprovechar oportunidades en m\u00faltiples direcciones.<\/p>\n<\/div>\n<\/div>\n\n\n\n<div class=\"wp-block-columns is-layout-flex wp-container-core-columns-is-layout-3 wp-block-columns-is-layout-flex\">\n<div class=\"wp-block-column is-layout-flow wp-block-column-is-layout-flow\">\n<p class=\"has-ast-global-color-5-color has-text-color has-link-color wp-elements-f2b2d944e85b8fa51f8075415007b130\"><strong>Caracter\u00edsticas principales del fondo de cobertura:<\/strong><br><\/p>\n\n\n\n<p class=\"has-ast-global-color-5-color has-text-color has-link-color has-medium-font-size wp-elements-d39a36218afbdc6465dc2b164fe1d2a1\">Estrategias activas y sofisticadas:Invertimos en acciones, bonos, divisas, materias primas, derivados, etc.<\/p>\n\n\n\n<p class=\"has-ast-global-color-5-color has-text-color has-link-color has-medium-font-size wp-elements-8a6480efe7a487937810b180f91500ae\"><br>Usamos t\u00e9cnicas como ventas en corto, apalancamiento (deuda para amplificar ganancias), arbitraje y apuestas en la volatilidad.Objetivo: rentabilidad absoluta<\/p>\n<\/div>\n\n\n\n<div class=\"wp-block-column is-layout-flow wp-block-column-is-layout-flow\">\n<figure class=\"wp-block-image aligncenter size-full\"><img loading=\"lazy\" decoding=\"async\" width=\"500\" height=\"500\" src=\"https:\/\/imperiums.tech\/wp-content\/uploads\/2023\/05\/Nasdaq-IMperium.png\" alt=\"\" class=\"wp-image-330\" srcset=\"https:\/\/imperiums.tech\/wp-content\/uploads\/2023\/05\/Nasdaq-IMperium.png 500w, https:\/\/imperiums.tech\/wp-content\/uploads\/2023\/05\/Nasdaq-IMperium-300x300.png 300w, https:\/\/imperiums.tech\/wp-content\/uploads\/2023\/05\/Nasdaq-IMperium-150x150.png 150w\" sizes=\"(max-width: 500px) 100vw, 500px\" \/><\/figure>\n<\/div>\n<\/div>\n\n\n\n<div class=\"wp-block-columns is-layout-flex wp-container-core-columns-is-layout-4 wp-block-columns-is-layout-flex\">\n<div class=\"wp-block-column is-layout-flow wp-block-column-is-layout-flow\">\n<figure class=\"wp-block-image aligncenter size-full\"><img loading=\"lazy\" decoding=\"async\" width=\"500\" height=\"500\" src=\"http:\/\/imperiums.tech\/wp-content\/uploads\/2023\/05\/7.png\" alt=\"\" class=\"wp-image-318\" srcset=\"https:\/\/imperiums.tech\/wp-content\/uploads\/2023\/05\/7.png 500w, https:\/\/imperiums.tech\/wp-content\/uploads\/2023\/05\/7-300x300.png 300w, https:\/\/imperiums.tech\/wp-content\/uploads\/2023\/05\/7-150x150.png 150w\" sizes=\"(max-width: 500px) 100vw, 500px\" \/><\/figure>\n<\/div>\n\n\n\n<div class=\"wp-block-column is-layout-flow wp-block-column-is-layout-flow\">\n<p class=\"has-ast-global-color-5-color has-text-color has-link-color has-medium-font-size wp-elements-a8aca2dbbab89f16d4654a31d4d2c582\">No se compara con un \u00edndice. <br>Buscamos generar ganancias en cualquier entorno de mercado (alcista o bajista).<br>Tenemos una regulaci\u00f3n menor.<br>Estamos menos regulados que los fondos mutuos tradicionales, lo que nos da mayor flexibilidad en la multiplicidad de alternativas de inversiones.<\/p>\n\n\n\n<p class=\"has-ast-global-color-5-color has-text-color has-link-color has-medium-font-size wp-elements-d7c1fc7baebc4563b82e696e08aaa244\"><strong>Acceso restringido<\/strong>: Generalmente esta disponible solo con recomendaci\u00f3n, inversores acreditados, institucionales (personas con patrimonios especificos o instituciones como fondos de pensiones).<\/p>\n\n\n\n<p class=\"has-ast-global-color-5-color has-text-color has-link-color has-medium-font-size wp-elements-4897a9325aafd7d913aa30c040d8daa2\"><\/p>\n<\/div>\n<\/div>\n\n\n\n<h4 class=\"wp-block-heading has-text-align-center has-ast-global-color-5-color has-midnight-gradient-background has-text-color has-background\">Bolsa de Valores NY<\/h4>\n\n\n\n<div class=\"wp-block-columns is-layout-flex wp-container-core-columns-is-layout-5 wp-block-columns-is-layout-flex\">\n<div class=\"wp-block-column is-layout-flow wp-block-column-is-layout-flow\">\n<p><\/p>\n\n\n\n<p class=\"has-ast-global-color-5-color has-text-color has-link-color has-medium-font-size wp-elements-84f7f9d9fae5eb470c737582cc3a4bcf\">Ejemplo de algunas de las operatorias qu\u00e9 permitan maximizar la rentabilidad y lograr los objetivos: Amplificar ganancias,\u00a0 proteger el capital de inversi\u00f3n.<br>El fondo de cobertura no solo &#8220;compra y espera&#8221;, sino que usa t\u00e1cticas activas, a veces complejas, para buscar rentabilidad en cualquier escenario.<\/p>\n<\/div>\n\n\n\n<div class=\"wp-block-column is-layout-flow wp-block-column-is-layout-flow\">\n<figure class=\"wp-block-image aligncenter size-full\"><img loading=\"lazy\" decoding=\"async\" width=\"500\" height=\"500\" src=\"http:\/\/imperiums.tech\/wp-content\/uploads\/2023\/05\/8.png\" alt=\"\" class=\"wp-image-319\" srcset=\"https:\/\/imperiums.tech\/wp-content\/uploads\/2023\/05\/8.png 500w, https:\/\/imperiums.tech\/wp-content\/uploads\/2023\/05\/8-300x300.png 300w, https:\/\/imperiums.tech\/wp-content\/uploads\/2023\/05\/8-150x150.png 150w\" sizes=\"(max-width: 500px) 100vw, 500px\" \/><\/figure>\n<\/div>\n<\/div>\n\n\n\n<h4 class=\"wp-block-heading has-text-align-center has-ast-global-color-5-color has-midnight-gradient-background has-text-color has-background\">Inversiones en Startup<\/h4>\n\n\n\n<div class=\"wp-block-columns is-layout-flex wp-container-core-columns-is-layout-6 wp-block-columns-is-layout-flex\">\n<div class=\"wp-block-column is-layout-flow wp-block-column-is-layout-flow\">\n<figure class=\"wp-block-image aligncenter size-full\"><img loading=\"lazy\" decoding=\"async\" width=\"500\" height=\"500\" src=\"http:\/\/imperiums.tech\/wp-content\/uploads\/2023\/05\/9.png\" alt=\"\" class=\"wp-image-320\" srcset=\"https:\/\/imperiums.tech\/wp-content\/uploads\/2023\/05\/9.png 500w, https:\/\/imperiums.tech\/wp-content\/uploads\/2023\/05\/9-300x300.png 300w, https:\/\/imperiums.tech\/wp-content\/uploads\/2023\/05\/9-150x150.png 150w\" sizes=\"(max-width: 500px) 100vw, 500px\" \/><\/figure>\n<\/div>\n\n\n\n<div class=\"wp-block-column is-layout-flow wp-block-column-is-layout-flow\">\n<p class=\"has-ast-global-color-5-color has-text-color has-link-color has-medium-font-size wp-elements-75f54652bf81e60ca777ffd7fb0db0b6\">Ejemplo:<br>Apalancamiento (uso de deuda)<br>El fondo tiene $10 millones, pero quiere invertir $50 millones.<br>\u27a1 \ufe0f Pide prestados $40 millones y los usa para comprar m\u00e1s activos.\u27a1 \ufe0f Si esos activos suben 10%, su ganancia es de $5 millones (10% de $50M), no de $1 mill\u00f3n.<br>\u2705Esa actividad se repite en reiteradas ocasiones en un periodo de un a\u00f1o y ello permite acceder a una rentabilidad muy superior a las ofertas cl\u00e1sicas.<\/p>\n<\/div>\n<\/div>\n\n\n\n<h4 class=\"wp-block-heading has-text-align-center has-ast-global-color-5-color has-midnight-gradient-background has-text-color has-background\">Inversi\u00f3n en Trading de Forex<\/h4>\n\n\n\n<div class=\"wp-block-columns is-layout-flex wp-container-core-columns-is-layout-7 wp-block-columns-is-layout-flex\">\n<div class=\"wp-block-column is-layout-flow wp-block-column-is-layout-flow\">\n<p><\/p>\n\n\n\n<p class=\"has-text-align-left has-ast-global-color-5-color has-text-color has-medium-font-size\">El trading de forex&nbsp;<strong>es el acto de comprar o vender divisas<\/strong>. Bancos privados, bancos centrales, corporaciones, inversores institucionales y traders individuales cambian monedas extranjeras por una variedad de razones, incluida la de equilibrar los mercados, facilitar el comercio y el turismo internacional, u obtener beneficios.<\/p>\n\n\n\n<p><\/p>\n<\/div>\n\n\n\n<div class=\"wp-block-column is-layout-flow wp-block-column-is-layout-flow\">\n<figure class=\"wp-block-image aligncenter size-full\"><img loading=\"lazy\" decoding=\"async\" width=\"500\" height=\"500\" src=\"http:\/\/imperiums.tech\/wp-content\/uploads\/2023\/05\/10.png\" alt=\"\" class=\"wp-image-321\" srcset=\"https:\/\/imperiums.tech\/wp-content\/uploads\/2023\/05\/10.png 500w, https:\/\/imperiums.tech\/wp-content\/uploads\/2023\/05\/10-300x300.png 300w, https:\/\/imperiums.tech\/wp-content\/uploads\/2023\/05\/10-150x150.png 150w\" sizes=\"(max-width: 500px) 100vw, 500px\" \/><\/figure>\n<\/div>\n<\/div>\n\n\n\n<h4 class=\"wp-block-heading has-text-align-center has-ast-global-color-5-color has-midnight-gradient-background has-text-color has-background\">Trading de criptodivisas<\/h4>\n\n\n\n<div class=\"wp-block-columns is-layout-flex wp-container-core-columns-is-layout-8 wp-block-columns-is-layout-flex\">\n<div class=\"wp-block-column is-layout-flow wp-block-column-is-layout-flow\">\n<figure class=\"wp-block-image aligncenter size-full\"><img loading=\"lazy\" decoding=\"async\" width=\"500\" height=\"500\" src=\"http:\/\/imperiums.tech\/wp-content\/uploads\/2023\/05\/11.png\" alt=\"\" class=\"wp-image-322\" srcset=\"https:\/\/imperiums.tech\/wp-content\/uploads\/2023\/05\/11.png 500w, https:\/\/imperiums.tech\/wp-content\/uploads\/2023\/05\/11-300x300.png 300w, https:\/\/imperiums.tech\/wp-content\/uploads\/2023\/05\/11-150x150.png 150w\" sizes=\"(max-width: 500px) 100vw, 500px\" \/><\/figure>\n<\/div>\n\n\n\n<div class=\"wp-block-column is-layout-flow wp-block-column-is-layout-flow\">\n<p><\/p>\n\n\n\n<p><\/p>\n\n\n\n<p class=\"has-text-align-center has-ast-global-color-5-color has-text-color has-medium-font-size\">El trading de criptomonedas, tambi\u00e9n conocidas como criptodivisas,&nbsp;<strong>supone invertir en torno a los movimientos de sus precios mediante una cuenta de trading de CFD, o comprar y vender las criptodivisas subyacentes en un mercado de negociaci\u00f3n<\/strong>.<\/p>\n\n\n\n<p><\/p>\n<\/div>\n<\/div>\n\n\n\n<h4 class=\"wp-block-heading has-text-align-center has-ast-global-color-5-color has-midnight-gradient-background has-text-color has-background\">Megaproyectos<\/h4>\n\n\n\n<div class=\"wp-block-columns is-layout-flex wp-container-core-columns-is-layout-9 wp-block-columns-is-layout-flex\">\n<div class=\"wp-block-column is-layout-flow wp-block-column-is-layout-flow\">\n<p><\/p>\n\n\n\n<p class=\"has-text-align-center has-ast-global-color-5-color has-text-color has-medium-font-size\">Mediante acuerdos con una de las consultoras mas importantes del mundo en  financiamiento de megaproyectos que apoyan la sustentabilidad ecologica y las mejoras en economias regionales, logramos que formen parte de nuestro portafolio de inversiones, participando de la rentabilidad generada en esta lucrativa actividad<\/p>\n\n\n\n<p><\/p>\n<\/div>\n\n\n\n<div class=\"wp-block-column is-layout-flow wp-block-column-is-layout-flow\">\n<figure class=\"wp-block-image aligncenter size-full\"><img loading=\"lazy\" decoding=\"async\" width=\"500\" height=\"500\" src=\"http:\/\/imperiums.tech\/wp-content\/uploads\/2023\/05\/Megaproyectos.png\" alt=\"\" class=\"wp-image-323\" srcset=\"https:\/\/imperiums.tech\/wp-content\/uploads\/2023\/05\/Megaproyectos.png 500w, https:\/\/imperiums.tech\/wp-content\/uploads\/2023\/05\/Megaproyectos-300x300.png 300w, https:\/\/imperiums.tech\/wp-content\/uploads\/2023\/05\/Megaproyectos-150x150.png 150w\" sizes=\"(max-width: 500px) 100vw, 500px\" \/><\/figure>\n<\/div>\n<\/div>\n\n\n\n<h4 class=\"wp-block-heading has-text-align-center has-ast-global-color-5-color has-midnight-gradient-background has-text-color has-background\">Envienos su consulta<\/h4>\n\n\n\n<div class=\"wp-block-columns has-black-background-color has-background is-layout-flex wp-container-core-columns-is-layout-10 wp-block-columns-is-layout-flex\">\n<div class=\"wp-block-column is-layout-flow wp-block-column-is-layout-flow\" style=\"flex-basis:25%\"><\/div>\n\n\n\n<div class=\"wp-block-column is-layout-flow wp-block-column-is-layout-flow\" style=\"flex-basis:50%\">\n<div class=\"wp-block-advgb-contact-form advgb-contact-form\"><form method=\"POST\"><div class=\"advgb-form-field advgb-form-field-half\"><input type=\"text\" class=\"advgb-form-input advgb-form-input-name\" placeholder=\"Name\" name=\"contact_name\" style=\"background-color:var(--ast-global-color-7)\"\/><\/div><div class=\"advgb-form-field advgb-form-field-half\"><input type=\"email\" class=\"advgb-form-input advgb-form-input-email\" placeholder=\"Email\/Phone\" name=\"contact_email\" style=\"background-color:var(--ast-global-color-7)\"\/><\/div><div class=\"advgb-form-field advgb-form-field-full\"><textarea class=\"advgb-form-input advgb-form-input-msg\" placeholder=\"Message\" name=\"contact_message\" style=\"background-color:var(--ast-global-color-7)\"><\/textarea><\/div><div class=\"advgb-grecaptcha clearfix position-right\"><\/div><input type=\"hidden\" name=\"advgb_blockform_nonce_field\" value=\"8e569c62d9\"><input type=\"hidden\" name=\"advgb_blockform_nonce_field\" value=\"8e569c62d9\"><input type=\"hidden\" name=\"advgb_blockform_nonce_field\" value=\"8e569c62d9\"><div class=\"advgb-form-submit-wrapper\" style=\"text-align:right\"><button class=\"advgb-form-submit\" type=\"submit\" style=\"background-color:#0693e3\">Submit<\/button><\/div><\/form><\/div>\n\n\n\n<p class=\"has-text-align-center has-ast-global-color-5-color has-text-color\"><\/p>\n<\/div>\n\n\n\n<div class=\"wp-block-column is-layout-flow wp-block-column-is-layout-flow\" style=\"flex-basis:25%\"><\/div>\n<\/div>\n","protected":false},"excerpt":{"rendered":"<p>SELECCI\u00d3N Y GESTI\u00d3N DE ACTIVOS Nuestros servicios \u00bfQu\u00e9 es y c\u00f3mo funciona Imperium Tech?Somos una consultora internacional, proveemos y administramos activos financieros, dise\u00f1amos nuestro propio \u00edndice de inversiones, basado en activos minusiosamente seleccionados. Nuestro equipo de profesionales, esta compuesto por especialistas en calificaci\u00f3n de activos, selecci\u00f3n, evaluaci\u00f3n y creaci\u00f3n de portafolios, nuestra prioridad es minimizar [&hellip;]<\/p>\n","protected":false},"author":1,"featured_media":0,"parent":0,"menu_order":2,"comment_status":"closed","ping_status":"closed","template":"","meta":{"advgb_blocks_editor_width":"","advgb_blocks_columns_visual_guide":"","site-sidebar-layout":"default","site-content-layout":"","ast-site-content-layout":"default","site-content-style":"default","site-sidebar-style":"default","ast-global-header-display":"","ast-banner-title-visibility":"","ast-main-header-display":"","ast-hfb-above-header-display":"","ast-hfb-below-header-display":"","ast-hfb-mobile-header-display":"","site-post-title":"disabled","ast-breadcrumbs-content":"","ast-featured-img":"","footer-sml-layout":"","theme-transparent-header-meta":"","adv-header-id-meta":"","stick-header-meta":"","header-above-stick-meta":"","header-main-stick-meta":"","header-below-stick-meta":"","astra-migrate-meta-layouts":"set","ast-page-background-enabled":"default","ast-page-background-meta":{"desktop":{"background-color":"var(--ast-global-color-4)","background-image":"","background-repeat":"repeat","background-position":"center center","background-size":"auto","background-attachment":"scroll","background-type":"","background-media":"","overlay-type":"","overlay-color":"","overlay-gradient":""},"tablet":{"background-color":"","background-image":"","background-repeat":"repeat","background-position":"center center","background-size":"auto","background-attachment":"scroll","background-type":"","background-media":"","overlay-type":"","overlay-color":"","overlay-gradient":""},"mobile":{"background-color":"","background-image":"","background-repeat":"repeat","background-position":"center center","background-size":"auto","background-attachment":"scroll","background-type":"","background-media":"","overlay-type":"","overlay-color":"","overlay-gradient":""}},"ast-content-background-meta":{"desktop":{"background-color":"var(--ast-global-color-5)","background-image":"","background-repeat":"repeat","background-position":"center center","background-size":"auto","background-attachment":"scroll","background-type":"","background-media":"","overlay-type":"","overlay-color":"","overlay-gradient":""},"tablet":{"background-color":"var(--ast-global-color-5)","background-image":"","background-repeat":"repeat","background-position":"center center","background-size":"auto","background-attachment":"scroll","background-type":"","background-media":"","overlay-type":"","overlay-color":"","overlay-gradient":""},"mobile":{"background-color":"var(--ast-global-color-5)","background-image":"","background-repeat":"repeat","background-position":"center center","background-size":"auto","background-attachment":"scroll","background-type":"","background-media":"","overlay-type":"","overlay-color":"","overlay-gradient":""}},"footnotes":""},"coauthors":[],"author_meta":{"author_link":"https:\/\/imperiums.tech\/index.php\/author\/robermayawebsgmail-com\/","display_name":"robermayawebs@gmail.com"},"relative_dates":{"created":"Posted 3 a\u00f1os ago","modified":"Updated 5 meses ago"},"absolute_dates":{"created":"Posted on 13 abril, 2023","modified":"Updated on 3 noviembre, 2025"},"absolute_dates_time":{"created":"Posted on 13 abril, 2023 5:02 pm","modified":"Updated on 3 noviembre, 2025 4:09 am"},"featured_img_caption":"","featured_img":false,"series_order":"","_links":{"self":[{"href":"https:\/\/imperiums.tech\/index.php\/wp-json\/wp\/v2\/pages\/5"}],"collection":[{"href":"https:\/\/imperiums.tech\/index.php\/wp-json\/wp\/v2\/pages"}],"about":[{"href":"https:\/\/imperiums.tech\/index.php\/wp-json\/wp\/v2\/types\/page"}],"author":[{"embeddable":true,"href":"https:\/\/imperiums.tech\/index.php\/wp-json\/wp\/v2\/users\/1"}],"replies":[{"embeddable":true,"href":"https:\/\/imperiums.tech\/index.php\/wp-json\/wp\/v2\/comments?post=5"}],"version-history":[{"count":54,"href":"https:\/\/imperiums.tech\/index.php\/wp-json\/wp\/v2\/pages\/5\/revisions"}],"predecessor-version":[{"id":1224,"href":"https:\/\/imperiums.tech\/index.php\/wp-json\/wp\/v2\/pages\/5\/revisions\/1224"}],"wp:attachment":[{"href":"https:\/\/imperiums.tech\/index.php\/wp-json\/wp\/v2\/media?parent=5"}],"curies":[{"name":"wp","href":"https:\/\/api.w.org\/{rel}","templated":true}]}}